{"id":4756,"date":"2021-09-07T16:11:23","date_gmt":"2021-09-07T16:11:23","guid":{"rendered":"https:\/\/circulopoliciacba.org.ar\/tienda\/?post_type=product&#038;p=4756"},"modified":"2021-09-07T16:11:23","modified_gmt":"2021-09-07T16:11:23","slug":"secador-de-cabello-remington-silk-modelo-ac9096","status":"publish","type":"product","link":"https:\/\/circulopoliciacba.org.ar\/tienda\/producto\/secador-de-cabello-remington-silk-modelo-ac9096\/","title":{"rendered":"Secador de Cabello Remington \u00abSilk\u00bb &#8211; Modelo: AC9096"},"content":{"rendered":"","protected":false},"excerpt":{"rendered":"<h4><strong>Caracter\u00edsticas:<\/strong><\/h4>\n<p>El secador de cabello profesional con tecnolog\u00eda avanzada SILK Ceramic funciona hasta 50% m\u00e1s r\u00e1pido* gracias al motor de 1875 W.<\/p>\n<p>El revestimiento de cer\u00e1mica avanzada en la rejilla del secador genera un 90% m\u00e1s de iones* para darle un acabado suave y sedoso libre de frizz.<\/p>\n<p>Incluye dos cabezales de fijaci\u00f3n: un concentrador para un estilo de precisi\u00f3n y un difusor para mantener los rizos y la textura.<\/p>\n<p>3 Ajustes de Temperatura. 2 Velocidades.<\/p>\n<p>Bot\u00f3n de Aire Fr\u00edo. Filtro de Aire Removible. Concentrador de calor<\/p>\n<p>Avanzada tecnolog\u00eda con seda real que deja el cabello sedoso y libre de frizz.<\/p>\n","protected":false},"featured_media":4757,"template":"","meta":[],"product_cat":[54,39],"product_tag":[],"class_list":["post-4756","product","type-product","status-publish","has-post-thumbnail","hentry","product_cat-cuidado-personal","product_cat-secadores-de-pelo"],"_links":{"self":[{"href":"https:\/\/circulopoliciacba.org.ar\/tienda\/wp-json\/wp\/v2\/product\/4756","targetHints":{"allow":["GET"]}}],"collection":[{"href":"https:\/\/circulopoliciacba.org.ar\/tienda\/wp-json\/wp\/v2\/product"}],"about":[{"href":"https:\/\/circulopoliciacba.org.ar\/tienda\/wp-json\/wp\/v2\/types\/product"}],"wp:featuredmedia":[{"embeddable":true,"href":"https:\/\/circulopoliciacba.org.ar\/tienda\/wp-json\/wp\/v2\/media\/4757"}],"wp:attachment":[{"href":"https:\/\/circulopoliciacba.org.ar\/tienda\/wp-json\/wp\/v2\/media?parent=4756"}],"wp:term":[{"taxonomy":"product_cat","embeddable":true,"href":"https:\/\/circulopoliciacba.org.ar\/tienda\/wp-json\/wp\/v2\/product_cat?post=4756"},{"taxonomy":"product_tag","embeddable":true,"href":"https:\/\/circulopoliciacba.org.ar\/tienda\/wp-json\/wp\/v2\/product_tag?post=4756"}],"curies":[{"name":"wp","href":"https:\/\/api.w.org\/{rel}","templated":true}]}}