{"id":4740,"date":"2021-09-07T15:05:53","date_gmt":"2021-09-07T15:05:53","guid":{"rendered":"https:\/\/circulopoliciacba.org.ar\/tienda\/?post_type=product&#038;p=4740"},"modified":"2021-09-07T15:05:59","modified_gmt":"2021-09-07T15:05:59","slug":"cortadora-de-cabello-ducati-by-imetec-modelo-hc709","status":"publish","type":"product","link":"https:\/\/circulopoliciacba.org.ar\/tienda\/producto\/cortadora-de-cabello-ducati-by-imetec-modelo-hc709\/","title":{"rendered":"Cortadora de Cabello &#8211; Ducati By Imetec &#8211; Modelo: Hc709"},"content":{"rendered":"","protected":false},"excerpt":{"rendered":"<h4><strong>Caracter\u00edsticas:<\/strong><\/h4>\n<p>Posee un ergon\u00f3mico y exclusivo dise\u00f1o en color negro con detalles en rojo. Cuchillas de acero inoxidable altamente resistentes y viene con dos peines-gu\u00eda que permiten ajustar el largo de corte.<\/p>\n<p>Cuenta con 15 posiciones de ajuste: de 1 a 23 mm y con una precisi\u00f3n de corte de hasta 1.5 mm. Adem\u00e1s, posee 2 velocidades: Sport, para cabellos gruesos y cortes r\u00e1pidos mientras que la velocidad Normal es ideal para cabellos finos y para uso en ni\u00f1os.<\/p>\n<p>20 peines-gu\u00eda, kit de mantenimiento y limpieza<\/p>\n<p>Con cable.<\/p>\n","protected":false},"featured_media":4741,"template":"","meta":[],"product_cat":[54],"product_tag":[],"class_list":["post-4740","product","type-product","status-publish","has-post-thumbnail","hentry","product_cat-cuidado-personal"],"_links":{"self":[{"href":"https:\/\/circulopoliciacba.org.ar\/tienda\/wp-json\/wp\/v2\/product\/4740","targetHints":{"allow":["GET"]}}],"collection":[{"href":"https:\/\/circulopoliciacba.org.ar\/tienda\/wp-json\/wp\/v2\/product"}],"about":[{"href":"https:\/\/circulopoliciacba.org.ar\/tienda\/wp-json\/wp\/v2\/types\/product"}],"wp:featuredmedia":[{"embeddable":true,"href":"https:\/\/circulopoliciacba.org.ar\/tienda\/wp-json\/wp\/v2\/media\/4741"}],"wp:attachment":[{"href":"https:\/\/circulopoliciacba.org.ar\/tienda\/wp-json\/wp\/v2\/media?parent=4740"}],"wp:term":[{"taxonomy":"product_cat","embeddable":true,"href":"https:\/\/circulopoliciacba.org.ar\/tienda\/wp-json\/wp\/v2\/product_cat?post=4740"},{"taxonomy":"product_tag","embeddable":true,"href":"https:\/\/circulopoliciacba.org.ar\/tienda\/wp-json\/wp\/v2\/product_tag?post=4740"}],"curies":[{"name":"wp","href":"https:\/\/api.w.org\/{rel}","templated":true}]}}